{"id":1814,"date":"2015-10-17T12:22:53","date_gmt":"2015-10-17T09:22:53","guid":{"rendered":"http:\/\/www.tuur.ee\/?page_id=1814"},"modified":"2016-03-10T10:51:25","modified_gmt":"2016-03-10T08:51:25","slug":"google-business-view-igaunija-interaktivas-izstrades-par-jusu-biznesu-tiesi-google-vide","status":"publish","type":"page","link":"https:\/\/www.tuur.ee\/en\/google-business-view-igaunija-interaktivas-izstrades-par-jusu-biznesu-tiesi-google-vide\/","title":{"rendered":"Google Business View Igaunij\u0101 - interactive development of your business directly on Google"},"content":{"rendered":"[spb_text_block pb_margin_bottom=\u201dno\u201d pb_border_bottom=\u201dno\u201d width=\u201d1\/2\u2033 el_position=\u201dfirst\u201d]\n<p>Do you want a restaurant, a hotel, or an apple store? How to reserve the conference hall? To visit the private clinic in Kuru? Before making such a decision, people search for information using Google Search or Google Maps. Wouldn&#039;t it be nicer, and virtual tour pav\u00ebrtu \u00e7\u00f6k\u00f6t\u00fc \u00e7\u00fc\u00e7\u00fck \u00e7e\u015fti no \u00e7e\u00e7\u00fc\u015fas vides ar venu kl\u00eeksi iel\u016bkoties J\u016bs biznes\u0101 interakt\u012bvi? Google Business View offers exactly this option. Tagad also in Latvia.<\/p>\n<p>Full-fledged Business View is powerful enough to be a marketing engine for many, many years. Google displays to sav\u0101s vid\u0113s un s\u0101d\u0101sas rezult\u0101tos bez livers. Klik\u0161\u0137is uz t\u0101 neko nemaks\u0101. Business View helps companies with Google&#039;s rezult\u0101tos pacelties uz ups\u00fa un sz\u00e1l\u00e1ties citu sz\u00e1l\u00e1t. Rezult\u0101ts \u2013 more customers in the future. Skaties Google pa\u0161u svetto demonstr\u0101cijas video \u2192<\/p>\n[\/spb_text_block] [spb_text_block pb_margin_bottom=\u201dno\u201d pb_border_bottom=\u201dno\u201d width=\u201d1\/2\u2033 el_position=\u201dlast\u201d]\n<p><iframe loading=\"lazy\" title=\"Google Maps Business View let customers see inside\" width=\"500\" height=\"281\" src=\"https:\/\/www.youtube.com\/embed\/9CLYaukFmMw?feature=oembed\" frameborder=\"0\" allow=\"accelerometer; autoplay; clipboard-write; encrypted-media; gyroscope; picture-in-picture; web-share\" referrerpolicy=\"strict-origin-when-cross-origin\" allowfullscreen><\/iframe><\/p>\n[\/spb_text_block] [spb_text_block title=\u201dGoogle Business View virtual tour example\u201d pb_margin_bottom=\u201dno\u201d pb_border_bottom=\u201dno\u201d width=\u201d1\/1\u2033 el_position=\u201dfirst last\u201d]\n<p><iframe loading=\"lazy\" style=\"border: 0;\" src=\"https:\/\/www.google.com\/maps\/embed?pb=!1m0!3m2!1sen!2see!4v1445065120115!6m8!1m7!1sToUL746836gAAAQo8bRuIw!2m2!1d58.37919543485035!2d26.71906814709666!3f22.14!4f0!5f0.7820865974627469\" width=\"100%\" height=\"550\" frameborder=\"0\" allowfullscreen=\"allowfullscreen\"><\/iframe><\/p>\n[\/spb_text_block] [blank_spacer height=\u201d30px\u201d width=\u201d1\/1\u2033 el_position=\u201dfirst last\u201d] [spb_text_block title=\u201dK\u0101 un kur Google r\u0101da \u0161os bh\u012bnmus?\u201d pb_margin_bottom=\u201dno\u201d pb_border_bottom=\u201dno\u201d width=\u201d2\/3\u2033 el_position=\u201dfirst\u201d]\n<p>In the Business View virtual tour, both Google search results and Google Maps are displayed - lai interesariatie t\u0101s necesita tetutu. Well, Google sees the Business View virtual tour, and we want it, and it&#039;s very easy to put it on your company&#039;s home page - just like the example above.<\/p>\n[\/spb_text_block] [spb_text_block pb_margin_bottom=\u201dyes\u201d pb_border_bottom=\u201dno\u201d width=\u201d1\/3\u2033 el_position=\u201dlast\u201d]\n<p>&nbsp;<\/p>\n<a class=\"sf-button large lightgrey stroke-to-fill\" href=\"http:\/\/www.tuur.ee\/en\/google-see-inside-lisamine-enda-veebilehele\/\" target=\"_blank\"><span class=\"text\">SOLIS PA SOLIM: K\u0100 IEVIETOT BUSINESS VIEW on its website<\/span><\/a>\n[\/spb_text_block] [blank_spacer height=\u201d40px\u201d width=\u201d1\/1\u2033 el_position=\u201dfirst last\u201d] [spb_text_block pb_margin_bottom=\u201dno\u201d pb_border_bottom=\u201dno\u201d width=\u201d1\/3\u2033 el_position=\u201dfirst\u201d]\n<h3 style=\"text-align: center;\">Google search results<\/h3>\n<p style=\"text-align: center;\">Google \u0b95\u0bc1\u0b95\u0bcd\u0b95\u0bc1\u0b95\u0bcd\u0b95\u0bc1\u0b95\u0bbf\u0b95\u0bbe\u0b95\u0bbe\u0ba4\u0bbe\u0b95\u0bcd\u0b95\u0bc1\u0ba4\u0bcd\u0ba4\u0bc1 Business View skats tiek rad\u0101ts on the left side, information kartes on the upper part of the beautiful s\u012bkt\u0113l\u0101. Uzkli\u010dkinot uz s\u012bkt\u0113lu s\u012bd\u0101r\u0101d\u012bt\u0101 \u012bk\u1e6di\u1e43 \u012bk\u1e6d\u1e6di\u1e43 in Business View environment.<\/p>\n<p><a href=\"http:\/\/www.tuur.ee\/wp-content\/uploads\/2015\/09\/business-1.jpg\"><img loading=\"lazy\" decoding=\"async\" class=\"aligncenter size-full wp-image-1793\" src=\"http:\/\/www.tuur.ee\/wp-content\/uploads\/2015\/09\/business-1-small.jpg\" alt=\"business-1-small\" width=\"529\" height=\"647\" srcset=\"https:\/\/www.tuur.ee\/wp-content\/uploads\/2015\/09\/business-1-small.jpg 529w, https:\/\/www.tuur.ee\/wp-content\/uploads\/2015\/09\/business-1-small-245x300.jpg 245w\" sizes=\"auto, (max-width: 529px) 100vw, 529px\" \/><\/a><\/p>\n[\/spb_text_block] [spb_text_block pb_margin_bottom=\u201dno\u201d pb_border_bottom=\u201dno\u201d width=\u201d1\/3\u2033]\n<h3 style=\"text-align: center;\">Google Maps as a search engine<\/h3>\n<p style=\"text-align: center;\">Google Maps kartes search programm\u0101 r\u0101da Business View \u012fk\u0161\u0113ju skatu \u0146nojajam\u0101 s\u012bkt\u0113l\u0101 s\u012bk\u0101s\u0101s inform\u0101cijas karta. Uzkli\u010dkinot uz s\u012bkt\u0113lu s\u012bd\u0101r\u0101d\u012bt\u0101 \u012bk\u1e6di\u1e43 \u012bek\u1e6d\u1e6da\u1e43 in the Business View environment.<\/p>\n<p><a href=\"http:\/\/www.tuur.ee\/wp-content\/uploads\/2015\/09\/business-2.jpg\"><img loading=\"lazy\" decoding=\"async\" class=\"aligncenter size-full wp-image-1795\" src=\"http:\/\/www.tuur.ee\/wp-content\/uploads\/2015\/09\/business-2-small.jpg\" alt=\"business-2-small\" width=\"529\" height=\"647\" srcset=\"https:\/\/www.tuur.ee\/wp-content\/uploads\/2015\/09\/business-2-small.jpg 529w, https:\/\/www.tuur.ee\/wp-content\/uploads\/2015\/09\/business-2-small-245x300.jpg 245w\" sizes=\"auto, (max-width: 529px) 100vw, 529px\" \/><\/a><\/p>\n[\/spb_text_block] [spb_text_block pb_margin_bottom=\u201dno\u201d pb_border_bottom=\u201dno\u201d width=\u201d1\/3\u2033 el_position=\u201dlast\u201d]\n<h3 style=\"text-align: center;\">Google Maps Street View skata<\/h3>\n<p style=\"text-align: center;\">Google Maps maps Street View skat\u0101 shows Business View internal map directly uz kartes ar dzelteniem punkti\u0146im. Nokkl\u00ed\u010dinot uz punkti\u0146a beresedors immediatly iekluvain Business View environment.<\/p>\n<p><a href=\"http:\/\/www.tuur.ee\/wp-content\/uploads\/2015\/09\/business-3.jpg\"><img loading=\"lazy\" decoding=\"async\" class=\"aligncenter size-full wp-image-1797\" src=\"http:\/\/www.tuur.ee\/wp-content\/uploads\/2015\/09\/business-3-small.jpg\" alt=\"business-3-small\" width=\"529\" height=\"647\" srcset=\"https:\/\/www.tuur.ee\/wp-content\/uploads\/2015\/09\/business-3-small.jpg 529w, https:\/\/www.tuur.ee\/wp-content\/uploads\/2015\/09\/business-3-small-245x300.jpg 245w\" sizes=\"auto, (max-width: 529px) 100vw, 529px\" \/><\/a><\/p>\n[\/spb_text_block] [blank_spacer height=\u201d70px\u201d width=\u201d1\/1\u2033 el_position=\u201dfirst last\u201d] [spb_text_block title=\u201dK\u0101 tas tiek dar\u012bts un kas to dar\u012bs?\u201d pb_margin_bottom=\u201dno\u201d pb_border_bottom=\u201dno\u201d width=\u201d1\/3\u2033 el_position=\u201dfirst\u201d]\n<p>Maybe you are already familiar with it <strong>Google Street View<\/strong> what? Ar Street View varat staig\u0101t pa \u012blam un ce\u013cim in Latvia. <strong>Google Business<\/strong> The next level of Street View does not allow you to enter the street. Thus, you can stay in the surroundings, in SPA, cafes, shops, etc.<\/p>\n<p>For Street View, Google uses a special car that uses a 360\u00b0 panorama. Business View extension Google sadorbo ar fotogr\u0101fiem.<\/p>\n<p>Certific\u0113ti fotogr\u0101fi fotograf\u0113 un par samaksu samont\u0113 priek\u0161 pr\u0113\u0161t\u0101va Business View. After that, Google put the instrument into the Google package.<\/p>\n[\/spb_text_block] [spb_text_block title=\u201dStreet View \u2013 zasznie skati\u201d pb_margin_bottom=\u201dno\u201d pb_border_bottom=\u201dno\u201d width=\u201d1\/3\u2033]\n<p>Film the Google car<\/p>\n<p><iframe loading=\"lazy\" style=\"border: 0;\" src=\"https:\/\/www.google.com\/maps\/embed?pb=!1m0!3m2!1sen!2see!4v1443354569993!6m8!1m7!1sPjbZInJVTJj3_woMIxhdKQ!2m2!1d58.38039818812162!2d26.72406160007584!3f267.18066626488377!4f-1.8044798915654496!5f0.7820865974627469\" width=\"100%\" height=\"400\" frameborder=\"0\" allowfullscreen=\"allowfullscreen\"><\/iframe><\/p>\n[\/spb_text_block] [spb_text_block title=\u201dBusiness View \u2013 internal skit\u201d pb_margin_bottom=\u201dno\u201d pb_border_bottom=\u201dno\u201d width=\u201d1\/3\u2033 el_position=\u201dlast\u201d]\n<p>Photographer<\/p>\n<p><iframe loading=\"lazy\" style=\"border: 0;\" src=\"https:\/\/www.google.com\/maps\/embed?pb=!1m0!3m2!1sen!2see!4v1443354767962!6m8!1m7!1sh1dszxIswU0AAAQfDlH_Yw!2m2!1d52.52647511610721!2d13.36320864386255!3f345.56538491600855!4f-11.197801914159527!5f0.7820865974627469\" width=\"100%\" height=\"400\" frameborder=\"0\" allowfullscreen=\"allowfullscreen\"><\/iframe><\/p>\n[\/spb_text_block] [spb_parallax parallax_type=\u201dimage\u201d bg_image=\u201d1621\u2033 bg_type=\u201dcover\u201d parallax_video_height=\u201dvideo-height\u201d parallax_video_overlay=\u201dnone\u201d parallax_image_height=\u201dwindow-height\u201d parallax_image_movement=\u201dfixed\u201d parallax_image_speed=\u201d0.5\u2033 alt_background=\u201dnone\u201d width=\u201d1\/1\u2033 el_position=\u201dfirst last\u201d]\n<p class=\"impact-text-large\"><span style=\"color: #ffffff;\">Google Business View in Latvia<\/span><\/p>\n<div class=\"one_half\">\n<p><span style=\"color: #ffffff;\">I&#039;m Lauri. Esmu International VR Photography Association (Starptautikes Virtu\u0101rl\u012bt\u0101tes Fotogr\u0101fijas associa\u00e7\u00f5es) is a member and member of a special risin\u0101ma virtual tour for more than six years. In this period of time, we got Ahaa Zin\u0101tnes centrs Tartu, the largest cinema complex in Tallinn, Coca-Cola Plaza and well-known companies in the city on our virtual tour. Since I now live in Tartu city, I have started to make virtual tours also in Riga, the capital of Latvia.<\/span><\/p>\n<p><span style=\"color: #ffffff;\">I took part in the Google Business View project at the beginning of 2015. How to use Google instrument, un extra virtualo ekskuriju speciali\u0101l\u012bm s\u0101k\u0101t\u012bm, backup to create Google Business View in the internal skato. My experience in creating complex tours ensures Business View can be completed quickly and with the best possible image quality.<\/span><\/p>\n<\/div>\n<p>&nbsp;<\/p>\n<p>&nbsp;<\/p>\n<p>&nbsp;<\/p>\n<p>&nbsp;<\/p>\n<p>&nbsp;<\/p>\n<div class=\"one_half last\">\n<p style=\"text-align: right;\"><a class=\"sf-button large transparent-light sf-icon-stroke\" href=\"mailto:lauri@tuur.ee\" target=\"_blank\"><i class=\"ss-mail\"><\/i><span class=\"text\">WRITING MAN \u2013 lauri@tuur.ee<\/span><\/a><\/p>\n<\/div><div class=\"clearboth\"><\/div>\n[\/spb_parallax] [blank_spacer height=\u201d86px\u201d width=\u201d1\/1\u2033 el_position=\u201dfirst last\u201d] [spb_text_block pb_margin_bottom=\u201dno\u201d pb_border_bottom=\u201dno\u201d width=\u201d1\/1\u2033 el_position=\u201dfirst last\u201d ]\n<p class=\"impact-text\" style=\"text-align: center;\">Google Business View for your business - how does it work?<\/p>\n<hr \/>\n[\/spb_text_block] [fullwidth_text alt_background=\u201dnone\u201d el_class=\u201dpb0 pt0 mt0 mb0 bt0 bb0 no-shadow no-arrow\u201d width=\u201d1\/6\u2033 el_position=\u201dfirst\u201d]\n<p><span style=\"color: #ffffff;\">.<\/span><\/p>\n[\/fullwidth_text] [fullwidth_text alt_background=\u201dnone\u201d el_class=\u201dpb0 pt0 mt0 mb0 bt0 bb0 no-shadow no-arrow\u201d width=\u201d2\/3\u2033]\n<ul>\n<ul>\n<li style=\"text-align: center;\">Sazinieties ar mani un dariet known, ka tas J\u016bs intereste. Atbild\u0113\u0161u uz alle t\u012bku, un vubo\u0161im vienoties par laiku, kad vubo vu\u0146o seu fotosesijas vietu together.<br \/>\n<hr \/>\n<\/li>\n<li style=\"text-align: center;\">Uz jeutas noteiksim Business View exact trajectories.<br \/>\n<hr \/>\n<\/li>\n<li style=\"text-align: center;\">According to ar trajectorijas garumu (i.e. darba volume) slu\u017ekisies Business View sistemajas cenas. Prices start at \u20ac250<br \/>\n<hr \/>\n<\/li>\n<li style=\"text-align: center;\">Vienosimies par Business View photo session spot. Tas biuta laiks kad rufus ir vahimas. In Maz\u0101kas cafe, there are about two hours.<br \/>\n<hr \/>\n<\/li>\n<li style=\"text-align: center;\">I photographed Business View in a spherical panor\u0101ma. According to a pre-determined trajectory.<br \/>\n<hr \/>\n<\/li>\n<li style=\"text-align: center;\">Seko fotosesijas processing, editing and Google environment for complete orientation in the form of posms. Termi\u0146i 1-2 weeks.<\/li>\n<\/ul>\n<\/ul>\n<hr \/>\n<ul>\n<li style=\"text-align: center;\">Public\u0113ju Business View Google pakalpojumos. Well, we&#039;re here, and we want to put it on the company&#039;s website.<\/li>\n<\/ul>\n[\/fullwidth_text] [fullwidth_text alt_background=\u201dnone\u201d el_class=\u201dpb0 pt0 mt0 mb0 bt0 bb0 no-shadow no-arrow\u201d width=\u201d1\/6\u2033 el_position=\u201dlast\u201d]\n<p><span style=\"color: #ffffff;\">.<\/span><\/p>\n[\/fullwidth_text] [blank_spacer height=\u201d86px\u201d width=\u201d1\/1\u2033 el_position=\u201dfirst last\u201d] [fullwidth_text alt_background=\u201dnone\u201d el_class=\u201dpb0 pt0 mt0 mb0 bt0 bb0 no-shadow no-arrow\u201d width= \u201d1\/1\u2033 el_position=\u201dfirst last\u201d]\n<p style=\"text-align: center;\"><a class=\"sf-button large pink sf-icon-reveal\" href=\"mailto:lauri@tuur.ee\" target=\"_blank\"><i class=\"ss-mail\"><\/i><span class=\"text\">RAKSTIET MAN \u2013 RUN\u0100SIM PAR J\u016aSU INSIDE VIEW KONKR\u0112T\u0100K<\/span><\/a><\/p>\n<p style=\"text-align: center;\">And maybe, please, in English \ud83d\ude42<\/p>\n<p style=\"text-align: center;\">Please call - 55699801<\/p>\n[\/fullwidth_text] [blank_spacer height=\u201d86px\u201d width=\u201d1\/1\u2033 el_position=\u201dfirst last\u201d] [portfolio title=\u201dRecent Google Business Views\u201d display_type=\u201dstandard\u201d columns=\u201d4\u2033 show_title=\u201dyes\u201d show_subtitle=\u201dyes\u201d show_excerpt=\u201dno\u201d hover_show_excerpt=\u201dno\u201d excerpt_length=\u201d20\u2033 item_count=\u201d12\u2033 category=\u201dgoogle-business-view\u201d portfolio_filter=\u201dno\u201d pagination=\u201dyes\u201d width=\u201d1\/1 \u2033 el_position=\u201dfirst last\u201d] [portfolio title=\u201dRecent custom virtual tours\u201d display_type=\u201dstandard\u201d columns=\u201d4\u2033 show_title=\u201dyes\u201d show_subtitle=\u201dyes\u201d show_excerpt=\u201dno\u201d hover_show_excerpt=\u201dno\u201d excerpt_length= \u201d20\u2033 item_count=\u201d12\u2033 category=\u201dfeatured\u201d portfolio_filter=\u201dno\u201d pagination=\u201dyes\u201d width=\u201d1\/1\u2033 el_position=\u201dfirst last\u201d]","protected":false},"excerpt":{"rendered":"<p>[spb_text_block pb_margin_bottom=\u201dno\u201d pb_border_bottom=\u201dno\u201d width=\u201d1\/2\u2033 el_position=\u201dfirst\u201d] Kuru restaurant, hotel room or trejz\u0101li apple store? How to reserve the conference hall? To visit the private clinic in Kuru? Before making such a decision, people search for information using Google Search or Google Maps. Wouldn&#039;t it be nicer, and virtual tour pav\u00ebrtu \u00e7\u00f6k\u00f6t\u00fc \u00e7\u00fc\u00e7\u00fck \u00fc\u00e7\u00fck \u00e7e\u015fi no \u00e7e\u00e7\u00fc\u015fas vides ar venu kl\u00ee\u00e7i iel\u016bkoties J\u016bs biznes\u0101 interakt\u012bvi? Google Business View offers exactly this option. [\u2026]<\/p>","protected":false},"author":1,"featured_media":0,"parent":0,"menu_order":0,"comment_status":"open","ping_status":"open","template":"","meta":{"_bbp_topic_count":0,"_bbp_reply_count":0,"_bbp_total_topic_count":0,"_bbp_total_reply_count":0,"_bbp_voice_count":0,"_bbp_anonymous_reply_count":0,"_bbp_topic_count_hidden":0,"_bbp_reply_count_hidden":0,"_bbp_forum_subforum_count":0,"footnotes":""},"class_list":["post-1814","page","type-page","status-publish","hentry"],"aioseo_notices":[],"_links":{"self":[{"href":"https:\/\/www.tuur.ee\/en\/wp-json\/wp\/v2\/pages\/1814","targetHints":{"allow":["GET"]}}],"collection":[{"href":"https:\/\/www.tuur.ee\/en\/wp-json\/wp\/v2\/pages"}],"about":[{"href":"https:\/\/www.tuur.ee\/en\/wp-json\/wp\/v2\/types\/page"}],"author":[{"embeddable":true,"href":"https:\/\/www.tuur.ee\/en\/wp-json\/wp\/v2\/users\/1"}],"replies":[{"embeddable":true,"href":"https:\/\/www.tuur.ee\/en\/wp-json\/wp\/v2\/comments?post=1814"}],"version-history":[{"count":5,"href":"https:\/\/www.tuur.ee\/en\/wp-json\/wp\/v2\/pages\/1814\/revisions"}],"predecessor-version":[{"id":1887,"href":"https:\/\/www.tuur.ee\/en\/wp-json\/wp\/v2\/pages\/1814\/revisions\/1887"}],"wp:attachment":[{"href":"https:\/\/www.tuur.ee\/en\/wp-json\/wp\/v2\/media?parent=1814"}],"curies":[{"name":"wp","href":"https:\/\/api.w.org\/{rel}","templated":true}]}}